{"id":311,"date":"2021-10-07T13:15:58","date_gmt":"2021-10-07T11:15:58","guid":{"rendered":"https:\/\/biotropfen.com\/?page_id=311"},"modified":"2024-06-26T14:22:00","modified_gmt":"2024-06-26T12:22:00","slug":"impressum","status":"publish","type":"page","link":"https:\/\/openhemp.com\/en\/impressum\/","title":{"rendered":"Imprint"},"content":{"rendered":"<div class=\"fusion-fullwidth fullwidth-box fusion-builder-row-1 fusion-flex-container nonhundred-percent-fullwidth non-hundred-percent-height-scrolling\" style=\"--awb-border-radius-top-left:0px;--awb-border-radius-top-right:0px;--awb-border-radius-bottom-right:0px;--awb-border-radius-bottom-left:0px;--awb-flex-wrap:wrap;\" ><div class=\"fusion-builder-row fusion-row fusion-flex-align-items-flex-start fusion-flex-justify-content-center fusion-flex-content-wrap\" style=\"max-width:1248px;margin-left: calc(-4% \/ 2 );margin-right: calc(-4% \/ 2 );\"><div class=\"fusion-layout-column fusion_builder_column fusion-builder-column-0 fusion_builder_column_1_2 1_2 fusion-flex-column\" style=\"--awb-bg-size:cover;--awb-width-large:50%;--awb-margin-top-large:0px;--awb-spacing-right-large:3.84%;--awb-margin-bottom-large:20px;--awb-spacing-left-large:3.84%;--awb-width-medium:50%;--awb-order-medium:0;--awb-spacing-right-medium:3.84%;--awb-spacing-left-medium:3.84%;--awb-width-small:100%;--awb-order-small:0;--awb-spacing-right-small:1.92%;--awb-spacing-left-small:1.92%;\"><div class=\"fusion-column-wrapper fusion-column-has-shadow fusion-flex-justify-content-flex-start fusion-content-layout-column\"><div class=\"fusion-title title fusion-title-1 fusion-sep-none fusion-title-center fusion-title-text fusion-title-size-two\" style=\"--awb-font-size:36px;\"><h2 class=\"fusion-title-heading title-heading-center fusion-responsive-typography-calculated\" style=\"margin:0;font-size:1em;--fontSize:36;line-height:1.2;\">IMPRINT<\/h2><\/div><div class=\"fusion-text fusion-text-1\" style=\"--awb-font-size:18px;--awb-text-transform:none;\"><p><strong>IMPRINT<\/strong><\/p>\n<p>Information obligation according to \u00a75 E-Commerce Law, \u00a714 Corporate Code, \u00a763 Trade Regulations and disclosure obligation according to \u00a725 Media Act.<\/p>\n<p>Welltrading GmbH<br \/>\nJohannesgasse 22\/11<br \/>\n1010 Vienna<br \/>\nAustria<\/p>\n<p><strong>Unternehmensgegenstand:<\/strong>\u00a0Handelsgewerbe<br \/>\n<strong>UID-Nummer:<\/strong>\u00a0ATU65638606<br \/>\n<strong>Firmenbuchnummer:<\/strong>\u00a0FN 343862 f<br \/>\n<strong>Firmenbuchgericht:<\/strong>\u00a0Wien<br \/>\n<strong>Firmensitz:<\/strong>\u00a01010 Wien<\/p>\n<p><strong>Tel.:<\/strong>\u00a001 8101989<br \/>\n<strong>E-Mail:<\/strong>\u00a0office@welltrading.at<\/p>\n<p><strong>Mitglied bei:<\/strong>\u00a0WKO<br \/>\n<strong>Berufsrecht:<\/strong>\u00a0Gewerbeordnung:\u00a0<a href=\"http:\/\/www.ris.bka.gv.at\/\" rel=\"\u201dnofollow\u201d\">www.ris.bka.gv.at<\/a><\/p>\n<p><strong>Aufsichtsbeh\u00f6rde\/Gewerbebeh\u00f6rde:<\/strong>\u00a0Bezirkshauptmannschaft Wien<br \/>\n<strong>Berufsbezeichnung:<\/strong>\u00a0Handelsgewerbe<br \/>\n<strong>Verleihungsstaat:<\/strong>\u00a0\u00d6sterreich<\/p>\n<p><strong>Pers\u00f6nlich haftende Gesellschafter (Komplement\u00e4r) der GmbH &amp; Co KG<\/strong><br \/>\nVitaly Goldovskiy<\/p>\n<p><strong>Gesch\u00e4ftsf\u00fchrer<\/strong><br \/>\nVitaly Goldovskiy<\/p>\n<p><strong>Beteiligungsverh\u00e4ltnisse<\/strong><br \/>\nVitaly Goldovskiy 100%<\/p>\n<p>EU-Streitschlichtung<\/p>\n<p>Angaben zur Online-Streitbeilegung: Verbraucher haben die M\u00f6glichkeit, Beschwerden an die OnlineStreitbeilegungsplattform der EU zu richten:\u00a0<a href=\"https:\/\/ec.europa.eu\/consumers\/odr\/main\/index.cfm?event=main.home2.show&amp;lng=DE\" rel=\"\u201dnofollow\u201d\">https:\/\/ec.europa.eu\/consumers\/odr\/main\/index.cfm?event=main.home2.show&amp;lng=DE<\/a>. Sie k\u00f6nnen allf\u00e4llige Beschwerde auch an die oben angegebene E-Mail-Adresse richten.<\/p>\n<p><strong>Haftung f\u00fcr Inhalte dieser Webseite<br \/>\n<\/strong><br \/>\nWir entwickeln die Inhalte dieser Webseite st\u00e4ndig weiter und bem\u00fchen uns korrekte und aktuelle Informationen bereitzustellen. Leider k\u00f6nnen wir keine Haftung f\u00fcr die Korrektheit aller Inhalte auf dieser Webseite \u00fcbernehmen, speziell f\u00fcr jene die seitens Dritter bereitgestellt wird. Sollten Ihnen problematische oder rechtswidrige Inhalte auffallen, bitte wir Sie uns umgehend zu kontaktieren, Sie finden die Kontaktdaten im Impressum.<\/p>\n<p><strong>Haftung f\u00fcr Links auf dieser Webseite<br \/>\n<\/strong><br \/>\nUnsere Webseite enth\u00e4lt Links zu anderen Webseiten f\u00fcr deren Inhalt wir nicht verantwortlich sind. Wenn Ihnen rechtswidrige Links auf unserer Webseite auffallen, bitte wir Sie uns zu kontaktieren, Sie finden die Kontaktdaten im Impressum.<\/p>\n<p><strong>Urheberrechtshinweis<br \/>\n<\/strong><br \/>\nAlle Inhalte dieser Webseite (Bilder, Fotos, Texte, Videos) unterliegen dem Urheberrecht. Falls notwendig, werden wir die unerlaubte Nutzung von Teilen der Inhalte unserer Seite rechtlich verfolgen.<\/p>\n<p><strong>Bildernachweis<br \/>\n<\/strong><br \/>\nDie Bilder, Fotos und Grafiken auf dieser Webseite sind urheberrechtlich gesch\u00fctzt.<\/p>\n<p>Die Bilderrechte liegen bei den folgenden Fotografen und Unternehmen:<\/p>\n<\/div><\/div><\/div><\/div><\/div>","protected":false},"excerpt":{"rendered":"","protected":false},"author":1,"featured_media":0,"parent":0,"menu_order":0,"comment_status":"closed","ping_status":"closed","template":"100-width.php","meta":{"footnotes":""},"class_list":["post-311","page","type-page","status-publish","hentry"],"_links":{"self":[{"href":"https:\/\/openhemp.com\/en\/wp-json\/wp\/v2\/pages\/311","targetHints":{"allow":["GET"]}}],"collection":[{"href":"https:\/\/openhemp.com\/en\/wp-json\/wp\/v2\/pages"}],"about":[{"href":"https:\/\/openhemp.com\/en\/wp-json\/wp\/v2\/types\/page"}],"author":[{"embeddable":true,"href":"https:\/\/openhemp.com\/en\/wp-json\/wp\/v2\/users\/1"}],"replies":[{"embeddable":true,"href":"https:\/\/openhemp.com\/en\/wp-json\/wp\/v2\/comments?post=311"}],"version-history":[{"count":3,"href":"https:\/\/openhemp.com\/en\/wp-json\/wp\/v2\/pages\/311\/revisions"}],"predecessor-version":[{"id":1030,"href":"https:\/\/openhemp.com\/en\/wp-json\/wp\/v2\/pages\/311\/revisions\/1030"}],"wp:attachment":[{"href":"https:\/\/openhemp.com\/en\/wp-json\/wp\/v2\/media?parent=311"}],"curies":[{"name":"wp","href":"https:\/\/api.w.org\/{rel}","templated":true}]}}