{"id":423,"date":"2021-11-16T18:23:53","date_gmt":"2021-11-16T16:23:53","guid":{"rendered":"https:\/\/biotropfen.com\/?page_id=423"},"modified":"2021-11-16T18:24:16","modified_gmt":"2021-11-16T16:24:16","slug":"versand-und-lieferung","status":"publish","type":"page","link":"https:\/\/openhemp.com\/en\/versand-und-lieferung\/","title":{"rendered":"Shipping and delivery"},"content":{"rendered":"<div class=\"fusion-fullwidth fullwidth-box fusion-builder-row-1 fusion-flex-container nonhundred-percent-fullwidth non-hundred-percent-height-scrolling\" style=\"--awb-border-radius-top-left:0px;--awb-border-radius-top-right:0px;--awb-border-radius-bottom-right:0px;--awb-border-radius-bottom-left:0px;--awb-margin-top:5%;--awb-margin-bottom:5%;--awb-flex-wrap:wrap;\" ><div class=\"fusion-builder-row fusion-row fusion-flex-align-items-flex-start fusion-flex-justify-content-center fusion-flex-content-wrap\" style=\"max-width:1248px;margin-left: calc(-4% \/ 2 );margin-right: calc(-4% \/ 2 );\"><div class=\"fusion-layout-column fusion_builder_column fusion-builder-column-0 fusion_builder_column_1_2 1_2 fusion-flex-column\" style=\"--awb-bg-size:cover;--awb-width-large:50%;--awb-margin-top-large:0px;--awb-spacing-right-large:3.84%;--awb-margin-bottom-large:20px;--awb-spacing-left-large:3.84%;--awb-width-medium:50%;--awb-order-medium:0;--awb-spacing-right-medium:3.84%;--awb-spacing-left-medium:3.84%;--awb-width-small:100%;--awb-order-small:0;--awb-spacing-right-small:1.92%;--awb-spacing-left-small:1.92%;\"><div class=\"fusion-column-wrapper fusion-column-has-shadow fusion-flex-justify-content-flex-start fusion-content-layout-column\"><div class=\"fusion-title title fusion-title-1 fusion-sep-none fusion-title-center fusion-title-text fusion-title-size-one\" style=\"--awb-margin-bottom:5%;--awb-font-size:36px;\"><h1 class=\"fusion-title-heading title-heading-center fusion-responsive-typography-calculated\" style=\"margin:0;font-size:1em;--fontSize:36;line-height:1.16;\"><strong>Shipping and delivery<\/strong><\/h1><\/div><div class=\"fusion-text fusion-text-1\" style=\"--awb-text-transform:none;\"><p>Sofern nicht anders vereinbart, erfolgt die Lieferung an die von Ihnen als Kunde angegebene Lieferadresse.<\/p>\n<p>Wir liefern nur innerhalb von L\u00e4ndern innerhalb der Europ\u00e4ischen Union.<\/p>\n<p>Bei vorzeitiger Zahlung betr\u00e4gt die Lieferzeit einen Tag nach Eingang des Betrages auf dem Konto der Welltrading GmbH.<\/p>\n<p>Bei Zahlung per Kreditkarte beginnt die Lieferung einen Tag nach der gesetzlichen Best\u00e4tigung der Zahlungsverpflichtung, dem Zahlungseingang beim gew\u00e4hlten Zahlungsdienst oder durch das gew\u00e4hlte Kreditkartenunternehmen, wie z.B. Mastercard<\/p>\n<p>Befindet sich das gelieferte Produkt oder die Ware auf dem Transport, hat der Kunde den Schaden unverz\u00fcglich dem Transportunternehmen anzuzeigen und den Schaden dort geltend zu machen.<\/p>\n<p>Wir versenden unsere Artikel mit unserem Versandpartner Post AG.<\/p>\n<p>Welltrading GmbH \u00fcbernimmt keine Haftung f\u00fcr Lieferhindernisse an Lieferanten oder Hersteller der Produkte bzw. bestellten Ware.<\/p>\n<p>Wird die Lieferung oder die Einhaltung eines vereinbarten Termins durch von der Welltrading GmbH nicht zu vertretende Umst\u00e4nde unm\u00f6glich, ist die Welltrading GmbH ganz oder teilweise berechtigt vom Vertrag zur\u00fcckzutreten.<\/p>\n<p>Die Welltrading GmbH wird den Kunden hier\u00fcber unverz\u00fcglich und unverz\u00fcglich und sofort informieren. Schadensersatzanspr\u00fcche des Kunden gegen\u00fcber dem Unternehmen Welltrading GmbH sind in diesem Falle ausgeschlossen.<\/p>\n<p>Der Kunde wird zu Beginn des Bestellprozesses \u00fcber bestehende Lieferbeschr\u00e4nkungen informiert, wenn Welltrading GmbH von solchen Beschr\u00e4nkungen Kenntnis erlangt.<\/p>\n<\/div><\/div><\/div><\/div><\/div>","protected":false},"excerpt":{"rendered":"","protected":false},"author":1,"featured_media":0,"parent":0,"menu_order":0,"comment_status":"closed","ping_status":"closed","template":"","meta":{"footnotes":""},"class_list":["post-423","page","type-page","status-publish","hentry"],"_links":{"self":[{"href":"https:\/\/openhemp.com\/en\/wp-json\/wp\/v2\/pages\/423","targetHints":{"allow":["GET"]}}],"collection":[{"href":"https:\/\/openhemp.com\/en\/wp-json\/wp\/v2\/pages"}],"about":[{"href":"https:\/\/openhemp.com\/en\/wp-json\/wp\/v2\/types\/page"}],"author":[{"embeddable":true,"href":"https:\/\/openhemp.com\/en\/wp-json\/wp\/v2\/users\/1"}],"replies":[{"embeddable":true,"href":"https:\/\/openhemp.com\/en\/wp-json\/wp\/v2\/comments?post=423"}],"version-history":[{"count":2,"href":"https:\/\/openhemp.com\/en\/wp-json\/wp\/v2\/pages\/423\/revisions"}],"predecessor-version":[{"id":425,"href":"https:\/\/openhemp.com\/en\/wp-json\/wp\/v2\/pages\/423\/revisions\/425"}],"wp:attachment":[{"href":"https:\/\/openhemp.com\/en\/wp-json\/wp\/v2\/media?parent=423"}],"curies":[{"name":"wp","href":"https:\/\/api.w.org\/{rel}","templated":true}]}}