{"id":426,"date":"2021-11-16T18:26:13","date_gmt":"2021-11-16T16:26:13","guid":{"rendered":"https:\/\/biotropfen.com\/?page_id=426"},"modified":"2024-06-26T14:23:20","modified_gmt":"2024-06-26T12:23:20","slug":"ruecksendungen","status":"publish","type":"page","link":"https:\/\/openhemp.com\/en\/ruecksendungen\/","title":{"rendered":"Return Policy"},"content":{"rendered":"<div class=\"fusion-fullwidth fullwidth-box fusion-builder-row-1 fusion-flex-container nonhundred-percent-fullwidth non-hundred-percent-height-scrolling\" style=\"--awb-border-radius-top-left:0px;--awb-border-radius-top-right:0px;--awb-border-radius-bottom-right:0px;--awb-border-radius-bottom-left:0px;--awb-margin-top:5%;--awb-margin-bottom:5%;--awb-flex-wrap:wrap;\" ><div class=\"fusion-builder-row fusion-row fusion-flex-align-items-flex-start fusion-flex-justify-content-center fusion-flex-content-wrap\" style=\"max-width:1248px;margin-left: calc(-4% \/ 2 );margin-right: calc(-4% \/ 2 );\"><div class=\"fusion-layout-column fusion_builder_column fusion-builder-column-0 fusion_builder_column_1_2 1_2 fusion-flex-column\" style=\"--awb-bg-size:cover;--awb-width-large:50%;--awb-margin-top-large:0px;--awb-spacing-right-large:3.84%;--awb-margin-bottom-large:20px;--awb-spacing-left-large:3.84%;--awb-width-medium:50%;--awb-order-medium:0;--awb-spacing-right-medium:3.84%;--awb-spacing-left-medium:3.84%;--awb-width-small:100%;--awb-order-small:0;--awb-spacing-right-small:1.92%;--awb-spacing-left-small:1.92%;\"><div class=\"fusion-column-wrapper fusion-column-has-shadow fusion-flex-justify-content-flex-start fusion-content-layout-column\"><div class=\"fusion-title title fusion-title-1 fusion-sep-none fusion-title-center fusion-title-text fusion-title-size-one\" style=\"--awb-margin-bottom:5%;--awb-font-size:36px;\"><h1 class=\"fusion-title-heading title-heading-center fusion-responsive-typography-calculated\" style=\"margin:0;font-size:1em;--fontSize:36;line-height:1.16;\"><strong>Return Policy<\/strong><\/h1><\/div><div class=\"fusion-text fusion-text-1\" style=\"--awb-text-transform:none;\"><p>Sie k\u00f6nnen innerhalb von <strong>vierzehn Tagen<\/strong> ohne Angabe von Gr\u00fcnden von dem mit Welltrading GmbH \u00fcber den Online Shop geschlossenen Vertrag\u00a0<strong>zur\u00fccktreten.<\/strong> Die Widerrufsfrist ist <strong>vierzehn Tage<\/strong> und <strong>beginnt:<\/strong><\/p>\n<ul>\n<li>Im Falle eines <strong>Kaufvertrags<\/strong> an dem Tag, an dem der Kunde oder ein von ihm genannter Dritter (darunter ist nicht der Bef\u00f6rderer zu verstehen) das bestellte Produkt in <strong>Besitz nimmt;<\/strong><\/li>\n<li>Falls der Kunde mehrere Produkte innerhalb einer\u00a0<strong>einheitlichen Bestellung<\/strong> bestellt hat, die <strong>getrennt geliefert<\/strong> wird, mit dem Tag, an dem der Kunde oder ein vom Kunden benannter Dritter (darunter ist nicht der Bef\u00f6rderer zu verstehen) das <strong>letzte Produkt<\/strong> in Besitz nimmt;<\/li>\n<li>Bei einer Lieferung einer Ware in <strong>mehreren Teilsendungen<\/strong> mit dem Tag, an dem der Kunde oder ein vom Kunden benannter Dritter (darunter ist nicht der Bef\u00f6rderer zu verstehen) die <strong>letzte Teilsendung<\/strong> oder das <strong>letzte St\u00fcck<\/strong> in Besitz nimmt;<\/li>\n<\/ul>\n<p>Mittels einer <strong>eindeutigen Erkl\u00e4rung<\/strong> k\u00f6nnen Sie Ihr R\u00fccktrittsrecht, in der die Welltrading GmbH \u00fcber den Entschluss, vom Vertrag zur\u00fcckzutreten informiert wird, wahrnehmen.<\/p>\n<p>Dies kann erfolgen:<\/p>\n<ul>\n<li>per Post:<br \/>\nWelltrading GmbH, Johannesgasse 22\/11, 1010 Wien<\/li>\n<li>per E-Mail:<br \/>\noffice@openhemp.com<\/li>\n<li>per Telefon:<br \/>\n+43 676 676 55 88<\/li>\n<\/ul>\n<\/div><\/div><\/div><\/div><\/div>","protected":false},"excerpt":{"rendered":"","protected":false},"author":1,"featured_media":0,"parent":0,"menu_order":0,"comment_status":"closed","ping_status":"closed","template":"","meta":{"footnotes":""},"class_list":["post-426","page","type-page","status-publish","hentry"],"_links":{"self":[{"href":"https:\/\/openhemp.com\/en\/wp-json\/wp\/v2\/pages\/426","targetHints":{"allow":["GET"]}}],"collection":[{"href":"https:\/\/openhemp.com\/en\/wp-json\/wp\/v2\/pages"}],"about":[{"href":"https:\/\/openhemp.com\/en\/wp-json\/wp\/v2\/types\/page"}],"author":[{"embeddable":true,"href":"https:\/\/openhemp.com\/en\/wp-json\/wp\/v2\/users\/1"}],"replies":[{"embeddable":true,"href":"https:\/\/openhemp.com\/en\/wp-json\/wp\/v2\/comments?post=426"}],"version-history":[{"count":2,"href":"https:\/\/openhemp.com\/en\/wp-json\/wp\/v2\/pages\/426\/revisions"}],"predecessor-version":[{"id":1032,"href":"https:\/\/openhemp.com\/en\/wp-json\/wp\/v2\/pages\/426\/revisions\/1032"}],"wp:attachment":[{"href":"https:\/\/openhemp.com\/en\/wp-json\/wp\/v2\/media?parent=426"}],"curies":[{"name":"wp","href":"https:\/\/api.w.org\/{rel}","templated":true}]}}